{"id":352,"date":"2023-03-13T11:40:33","date_gmt":"2023-03-13T11:40:33","guid":{"rendered":"https:\/\/www.ylojarventaideyhdistys.fi\/?page_id=352"},"modified":"2024-09-17T05:33:35","modified_gmt":"2024-09-17T05:33:35","slug":"formulahti-leena","status":"publish","type":"page","link":"https:\/\/www.ylojarventaideyhdistys.fi\/index.php\/formulahti-leena\/","title":{"rendered":"Formulahti Leena"},"content":{"rendered":"\n<p>Teen kuvia ensisijaisesti itse\u00e4ni varten. Hiljenty\u00e4kseni. Olen itseoppinut ja monipuolinen; teen lyijykyn\u00e4- ja tussipiirroksia, akvarelli- ja akryylimaalauksia, otan kuvia ja muokkaan niit\u00e4 kuvank\u00e4sittelyohjelmalla ja piirr\u00e4n my\u00f6s digitaalisesti piirton\u00e4yt\u00f6ll\u00e4. En halua j\u00e4m\u00e4ht\u00e4\u00e4 paikoilleni tai pakottaa itse\u00e4ni johonkin muottiin tai toteutustapaan; haluan oppia uutta ja kehitty\u00e4. T\u00e4rkeint\u00e4 minulle on kuitenkin l\u00f6yt\u00e4\u00e4 tila, jossa voin lakata ajattelemasta. Teokseni voivat olla syv\u00e4llisi\u00e4 ja pohdiskelevia, esitt\u00e4vi\u00e4, ja toisaalta abstrakteja, kevyit\u00e4, struktuureilla ja v\u00e4reill\u00e4 leikkimist\u00e4.<\/p>\n\n\n\n<p><a href=\"https:\/\/www.instagram.com\/lee.nainen\/\">https:\/\/www.instagram.com\/lee.nainen<\/a><\/p>\n\n\n\n<p><a href=\"http:\/\/www.kahina.fi\">http:\/\/www.kahina.fi<\/a><\/p>\n\n\n\n<figure class=\"wp-block-gallery has-nested-images columns-default is-cropped wp-block-gallery-1 is-layout-flex wp-block-gallery-is-layout-flex\">\n<figure class=\"wp-block-image size-large\"><img loading=\"lazy\" decoding=\"async\" width=\"2560\" height=\"2560\" data-id=\"439\" src=\"https:\/\/www.ylojarventaideyhdistys.fi\/wp-content\/uploads\/2024\/09\/IMG_6992-1-scaled.jpeg\" alt=\"nimet\u00f6n, akvarelli, 2024\" class=\"wp-image-439\" srcset=\"https:\/\/www.ylojarventaideyhdistys.fi\/wp-content\/uploads\/2024\/09\/IMG_6992-1-scaled.jpeg 2560w, https:\/\/www.ylojarventaideyhdistys.fi\/wp-content\/uploads\/2024\/09\/IMG_6992-1-300x300.jpeg 300w\" sizes=\"auto, (max-width: 2560px) 100vw, 2560px\" \/><figcaption class=\"wp-element-caption\">Nimet\u00f6n, akvarelli, 2024<\/figcaption><\/figure>\n\n\n\n<figure class=\"wp-block-image size-large\"><img loading=\"lazy\" decoding=\"async\" width=\"1021\" height=\"1024\" data-id=\"435\" src=\"https:\/\/www.ylojarventaideyhdistys.fi\/wp-content\/uploads\/2024\/09\/IMG_2730-1021x1024.jpeg\" alt=\"&quot;Sin\u00e4 ja min\u00e4&quot;, akryyli, 2023\" class=\"wp-image-435\" srcset=\"https:\/\/www.ylojarventaideyhdistys.fi\/wp-content\/uploads\/2024\/09\/IMG_2730-1021x1024.jpeg 1021w, https:\/\/www.ylojarventaideyhdistys.fi\/wp-content\/uploads\/2024\/09\/IMG_2730-300x300.jpeg 300w, https:\/\/www.ylojarventaideyhdistys.fi\/wp-content\/uploads\/2024\/09\/IMG_2730-150x150.jpeg 150w, https:\/\/www.ylojarventaideyhdistys.fi\/wp-content\/uploads\/2024\/09\/IMG_2730-768x770.jpeg 768w, https:\/\/www.ylojarventaideyhdistys.fi\/wp-content\/uploads\/2024\/09\/IMG_2730-1531x1536.jpeg 1531w, https:\/\/www.ylojarventaideyhdistys.fi\/wp-content\/uploads\/2024\/09\/IMG_2730-2042x2048.jpeg 2042w\" sizes=\"auto, (max-width: 1021px) 100vw, 1021px\" \/><figcaption class=\"wp-element-caption\">&#8221;Sin\u00e4 ja min\u00e4&#8221;, akryyli, 2023<\/figcaption><\/figure>\n\n\n\n<figure class=\"wp-block-image size-large\"><img decoding=\"async\" data-id=\"437\" src=\"https:\/\/www.ylojarventaideyhdistys.fi\/wp-content\/uploads\/2024\/09\/IMG_6490.jpeg\" alt=\"\" class=\"wp-image-437\"\/><figcaption class=\"wp-element-caption\">&#8221;Halla&#8221;, akryyli, 2023<\/figcaption><\/figure>\n\n\n\n<figure class=\"wp-block-image size-large\"><img loading=\"lazy\" decoding=\"async\" width=\"1810\" height=\"2560\" data-id=\"433\" src=\"https:\/\/www.ylojarventaideyhdistys.fi\/wp-content\/uploads\/2024\/09\/This-is-me-A4-scaled.jpg\" alt=\"&quot;You are a woman&quot;, digipiirros, 2021\" class=\"wp-image-433\" srcset=\"https:\/\/www.ylojarventaideyhdistys.fi\/wp-content\/uploads\/2024\/09\/This-is-me-A4-scaled.jpg 1810w, https:\/\/www.ylojarventaideyhdistys.fi\/wp-content\/uploads\/2024\/09\/This-is-me-A4-212x300.jpg 212w\" sizes=\"auto, (max-width: 1810px) 100vw, 1810px\" \/><figcaption class=\"wp-element-caption\">&#8221;You are a woman&#8221;, digipiirros, 2021<\/figcaption><\/figure>\n\n\n\n<figure class=\"wp-block-image size-large\"><img decoding=\"async\" data-id=\"434\" src=\"https:\/\/www.ylojarventaideyhdistys.fi\/wp-content\/uploads\/2024\/09\/IMG_0171.jpeg\" alt=\"\" class=\"wp-image-434\"\/><figcaption class=\"wp-element-caption\">Leena<\/figcaption><\/figure>\n\n\n\n<figure class=\"wp-block-image size-large\"><img decoding=\"async\" data-id=\"436\" src=\"https:\/\/www.ylojarventaideyhdistys.fi\/wp-content\/uploads\/2024\/09\/Uumen.jpg\" alt=\"\" class=\"wp-image-436\"\/><figcaption class=\"wp-element-caption\">&#8221;Uumen&#8221;, valokuva, 2024<\/figcaption><\/figure>\n<\/figure>\n","protected":false},"excerpt":{"rendered":"<p>Teen kuvia ensisijaisesti itse\u00e4ni varten. Hiljenty\u00e4kseni. Olen itseoppinut ja monipuolinen; teen lyijykyn\u00e4- ja tussipiirroksia, akvarelli- ja akryylimaalauksia, otan kuvia ja muokkaan niit\u00e4 kuvank\u00e4sittelyohjelmalla ja piirr\u00e4n my\u00f6s digitaalisesti piirton\u00e4yt\u00f6ll\u00e4. En halua j\u00e4m\u00e4ht\u00e4\u00e4 paikoilleni tai pakottaa itse\u00e4ni johonkin muottiin tai toteutustapaan; haluan oppia uutta ja kehitty\u00e4. T\u00e4rkeint\u00e4 [&hellip;]<\/p>\n","protected":false},"author":1,"featured_media":0,"parent":0,"menu_order":0,"comment_status":"closed","ping_status":"closed","template":"","meta":{"footnotes":""},"class_list":["post-352","page","type-page","status-publish","hentry"],"yoast_head":"<!-- This site is optimized with the Yoast SEO plugin v26.9 - https:\/\/yoast.com\/product\/yoast-seo-wordpress\/ -->\n<title>Formulahti Leena - Yl&ouml;j&auml;rven Taideyhdistys ry<\/title>\n<meta name=\"robots\" content=\"index, follow, max-snippet:-1, max-image-preview:large, max-video-preview:-1\" \/>\n<link rel=\"canonical\" href=\"https:\/\/www.ylojarventaideyhdistys.fi\/index.php\/formulahti-leena\/\" \/>\n<meta property=\"og:locale\" content=\"fi_FI\" \/>\n<meta property=\"og:type\" content=\"article\" \/>\n<meta property=\"og:title\" content=\"Formulahti Leena - Yl&ouml;j&auml;rven Taideyhdistys ry\" \/>\n<meta property=\"og:description\" content=\"Teen kuvia ensisijaisesti itse\u00e4ni varten. Hiljenty\u00e4kseni. Olen itseoppinut ja monipuolinen; teen lyijykyn\u00e4- ja tussipiirroksia, akvarelli- ja akryylimaalauksia, otan kuvia ja muokkaan niit\u00e4 kuvank\u00e4sittelyohjelmalla ja piirr\u00e4n my\u00f6s digitaalisesti piirton\u00e4yt\u00f6ll\u00e4. En halua j\u00e4m\u00e4ht\u00e4\u00e4 paikoilleni tai pakottaa itse\u00e4ni johonkin muottiin tai toteutustapaan; haluan oppia uutta ja kehitty\u00e4. T\u00e4rkeint\u00e4 [&hellip;]\" \/>\n<meta property=\"og:url\" content=\"https:\/\/www.ylojarventaideyhdistys.fi\/index.php\/formulahti-leena\/\" \/>\n<meta property=\"og:site_name\" content=\"Yl&ouml;j&auml;rven Taideyhdistys ry\" \/>\n<meta property=\"article:modified_time\" content=\"2024-09-17T05:33:35+00:00\" \/>\n<meta property=\"og:image\" content=\"https:\/\/www.ylojarventaideyhdistys.fi\/wp-content\/uploads\/2024\/09\/IMG_6992-1-scaled.jpeg\" \/>\n<meta name=\"twitter:card\" content=\"summary_large_image\" \/>\n<meta name=\"twitter:label1\" content=\"Arvioitu lukuaika\" \/>\n\t<meta name=\"twitter:data1\" content=\"2 minuuttia\" \/>\n<script type=\"application\/ld+json\" class=\"yoast-schema-graph\">{\"@context\":\"https:\/\/schema.org\",\"@graph\":[{\"@type\":\"WebPage\",\"@id\":\"https:\/\/www.ylojarventaideyhdistys.fi\/index.php\/formulahti-leena\/\",\"url\":\"https:\/\/www.ylojarventaideyhdistys.fi\/index.php\/formulahti-leena\/\",\"name\":\"Formulahti Leena - Yl&ouml;j&auml;rven Taideyhdistys ry\",\"isPartOf\":{\"@id\":\"https:\/\/www.ylojarventaideyhdistys.fi\/#website\"},\"primaryImageOfPage\":{\"@id\":\"https:\/\/www.ylojarventaideyhdistys.fi\/index.php\/formulahti-leena\/#primaryimage\"},\"image\":{\"@id\":\"https:\/\/www.ylojarventaideyhdistys.fi\/index.php\/formulahti-leena\/#primaryimage\"},\"thumbnailUrl\":\"https:\/\/www.ylojarventaideyhdistys.fi\/wp-content\/uploads\/2024\/09\/IMG_6992-1-scaled.jpeg\",\"datePublished\":\"2023-03-13T11:40:33+00:00\",\"dateModified\":\"2024-09-17T05:33:35+00:00\",\"breadcrumb\":{\"@id\":\"https:\/\/www.ylojarventaideyhdistys.fi\/index.php\/formulahti-leena\/#breadcrumb\"},\"inLanguage\":\"fi\",\"potentialAction\":[{\"@type\":\"ReadAction\",\"target\":[\"https:\/\/www.ylojarventaideyhdistys.fi\/index.php\/formulahti-leena\/\"]}]},{\"@type\":\"ImageObject\",\"inLanguage\":\"fi\",\"@id\":\"https:\/\/www.ylojarventaideyhdistys.fi\/index.php\/formulahti-leena\/#primaryimage\",\"url\":\"https:\/\/www.ylojarventaideyhdistys.fi\/wp-content\/uploads\/2024\/09\/IMG_6992-1-scaled.jpeg\",\"contentUrl\":\"https:\/\/www.ylojarventaideyhdistys.fi\/wp-content\/uploads\/2024\/09\/IMG_6992-1-scaled.jpeg\",\"width\":2560,\"height\":2560,\"caption\":\"Nimet\u00f6n, akvarelli, 2024\"},{\"@type\":\"BreadcrumbList\",\"@id\":\"https:\/\/www.ylojarventaideyhdistys.fi\/index.php\/formulahti-leena\/#breadcrumb\",\"itemListElement\":[{\"@type\":\"ListItem\",\"position\":1,\"name\":\"Etusivu\",\"item\":\"https:\/\/www.ylojarventaideyhdistys.fi\/\"},{\"@type\":\"ListItem\",\"position\":2,\"name\":\"Formulahti Leena\"}]},{\"@type\":\"WebSite\",\"@id\":\"https:\/\/www.ylojarventaideyhdistys.fi\/#website\",\"url\":\"https:\/\/www.ylojarventaideyhdistys.fi\/\",\"name\":\"Yl&ouml;j&auml;rven Taideyhdistys ry\",\"description\":\"- poikkitaiteellinen yhdistys -\",\"potentialAction\":[{\"@type\":\"SearchAction\",\"target\":{\"@type\":\"EntryPoint\",\"urlTemplate\":\"https:\/\/www.ylojarventaideyhdistys.fi\/?s={search_term_string}\"},\"query-input\":{\"@type\":\"PropertyValueSpecification\",\"valueRequired\":true,\"valueName\":\"search_term_string\"}}],\"inLanguage\":\"fi\"}]}<\/script>\n<!-- \/ Yoast SEO plugin. -->","yoast_head_json":{"title":"Formulahti Leena - Yl&ouml;j&auml;rven Taideyhdistys ry","robots":{"index":"index","follow":"follow","max-snippet":"max-snippet:-1","max-image-preview":"max-image-preview:large","max-video-preview":"max-video-preview:-1"},"canonical":"https:\/\/www.ylojarventaideyhdistys.fi\/index.php\/formulahti-leena\/","og_locale":"fi_FI","og_type":"article","og_title":"Formulahti Leena - Yl&ouml;j&auml;rven Taideyhdistys ry","og_description":"Teen kuvia ensisijaisesti itse\u00e4ni varten. Hiljenty\u00e4kseni. Olen itseoppinut ja monipuolinen; teen lyijykyn\u00e4- ja tussipiirroksia, akvarelli- ja akryylimaalauksia, otan kuvia ja muokkaan niit\u00e4 kuvank\u00e4sittelyohjelmalla ja piirr\u00e4n my\u00f6s digitaalisesti piirton\u00e4yt\u00f6ll\u00e4. En halua j\u00e4m\u00e4ht\u00e4\u00e4 paikoilleni tai pakottaa itse\u00e4ni johonkin muottiin tai toteutustapaan; haluan oppia uutta ja kehitty\u00e4. T\u00e4rkeint\u00e4 [&hellip;]","og_url":"https:\/\/www.ylojarventaideyhdistys.fi\/index.php\/formulahti-leena\/","og_site_name":"Yl&ouml;j&auml;rven Taideyhdistys ry","article_modified_time":"2024-09-17T05:33:35+00:00","og_image":[{"url":"https:\/\/www.ylojarventaideyhdistys.fi\/wp-content\/uploads\/2024\/09\/IMG_6992-1-scaled.jpeg","type":"","width":"","height":""}],"twitter_card":"summary_large_image","twitter_misc":{"Arvioitu lukuaika":"2 minuuttia"},"schema":{"@context":"https:\/\/schema.org","@graph":[{"@type":"WebPage","@id":"https:\/\/www.ylojarventaideyhdistys.fi\/index.php\/formulahti-leena\/","url":"https:\/\/www.ylojarventaideyhdistys.fi\/index.php\/formulahti-leena\/","name":"Formulahti Leena - Yl&ouml;j&auml;rven Taideyhdistys ry","isPartOf":{"@id":"https:\/\/www.ylojarventaideyhdistys.fi\/#website"},"primaryImageOfPage":{"@id":"https:\/\/www.ylojarventaideyhdistys.fi\/index.php\/formulahti-leena\/#primaryimage"},"image":{"@id":"https:\/\/www.ylojarventaideyhdistys.fi\/index.php\/formulahti-leena\/#primaryimage"},"thumbnailUrl":"https:\/\/www.ylojarventaideyhdistys.fi\/wp-content\/uploads\/2024\/09\/IMG_6992-1-scaled.jpeg","datePublished":"2023-03-13T11:40:33+00:00","dateModified":"2024-09-17T05:33:35+00:00","breadcrumb":{"@id":"https:\/\/www.ylojarventaideyhdistys.fi\/index.php\/formulahti-leena\/#breadcrumb"},"inLanguage":"fi","potentialAction":[{"@type":"ReadAction","target":["https:\/\/www.ylojarventaideyhdistys.fi\/index.php\/formulahti-leena\/"]}]},{"@type":"ImageObject","inLanguage":"fi","@id":"https:\/\/www.ylojarventaideyhdistys.fi\/index.php\/formulahti-leena\/#primaryimage","url":"https:\/\/www.ylojarventaideyhdistys.fi\/wp-content\/uploads\/2024\/09\/IMG_6992-1-scaled.jpeg","contentUrl":"https:\/\/www.ylojarventaideyhdistys.fi\/wp-content\/uploads\/2024\/09\/IMG_6992-1-scaled.jpeg","width":2560,"height":2560,"caption":"Nimet\u00f6n, akvarelli, 2024"},{"@type":"BreadcrumbList","@id":"https:\/\/www.ylojarventaideyhdistys.fi\/index.php\/formulahti-leena\/#breadcrumb","itemListElement":[{"@type":"ListItem","position":1,"name":"Etusivu","item":"https:\/\/www.ylojarventaideyhdistys.fi\/"},{"@type":"ListItem","position":2,"name":"Formulahti Leena"}]},{"@type":"WebSite","@id":"https:\/\/www.ylojarventaideyhdistys.fi\/#website","url":"https:\/\/www.ylojarventaideyhdistys.fi\/","name":"Yl&ouml;j&auml;rven Taideyhdistys ry","description":"- poikkitaiteellinen yhdistys -","potentialAction":[{"@type":"SearchAction","target":{"@type":"EntryPoint","urlTemplate":"https:\/\/www.ylojarventaideyhdistys.fi\/?s={search_term_string}"},"query-input":{"@type":"PropertyValueSpecification","valueRequired":true,"valueName":"search_term_string"}}],"inLanguage":"fi"}]}},"_links":{"self":[{"href":"https:\/\/www.ylojarventaideyhdistys.fi\/index.php\/wp-json\/wp\/v2\/pages\/352","targetHints":{"allow":["GET"]}}],"collection":[{"href":"https:\/\/www.ylojarventaideyhdistys.fi\/index.php\/wp-json\/wp\/v2\/pages"}],"about":[{"href":"https:\/\/www.ylojarventaideyhdistys.fi\/index.php\/wp-json\/wp\/v2\/types\/page"}],"author":[{"embeddable":true,"href":"https:\/\/www.ylojarventaideyhdistys.fi\/index.php\/wp-json\/wp\/v2\/users\/1"}],"replies":[{"embeddable":true,"href":"https:\/\/www.ylojarventaideyhdistys.fi\/index.php\/wp-json\/wp\/v2\/comments?post=352"}],"version-history":[{"count":2,"href":"https:\/\/www.ylojarventaideyhdistys.fi\/index.php\/wp-json\/wp\/v2\/pages\/352\/revisions"}],"predecessor-version":[{"id":440,"href":"https:\/\/www.ylojarventaideyhdistys.fi\/index.php\/wp-json\/wp\/v2\/pages\/352\/revisions\/440"}],"wp:attachment":[{"href":"https:\/\/www.ylojarventaideyhdistys.fi\/index.php\/wp-json\/wp\/v2\/media?parent=352"}],"curies":[{"name":"wp","href":"https:\/\/api.w.org\/{rel}","templated":true}]}}