{"id":16,"date":"2021-09-14T09:30:24","date_gmt":"2021-09-14T09:30:24","guid":{"rendered":"https:\/\/www.ylojarventaideyhdistys.fi\/?page_id=16"},"modified":"2024-10-25T06:04:33","modified_gmt":"2024-10-25T06:04:33","slug":"info","status":"publish","type":"page","link":"https:\/\/www.ylojarventaideyhdistys.fi\/","title":{"rendered":"ETUSIVU"},"content":{"rendered":"\n<h2 class=\"wp-block-heading\" style=\"font-size:14px\"><em>Yl\u00f6j\u00e4rven Taideyhdistys ry on perustettu vuonna 1988.<br><br>\u200bYTY liittyi vuonna 2019 Kulttuuriosuuskunta Saurioon ja toimitilamme sijaitsevatkin Saurion talossa.\u00a0<br><br>Kaikille avoimessa taideyhdistyksess\u00e4 on noin 120 j\u00e4sent\u00e4, joista suurin osa on kuvataiteilijoita ja alan harrastajia.<br><br>Taideyhdistys j\u00e4rjest\u00e4\u00e4 taiden\u00e4yttelyit\u00e4, tapahtumia ja retki\u00e4. Yhdistyksen kautta taiteen tekij\u00e4t saavat teoksilleen n\u00e4yttelytilaa ja voivat osallistua jurytettyihin yhteisn\u00e4yttelyihin. Kuvataiteen lis\u00e4ksi my\u00f6s sanataide, musiikki ja tanssi ovat osa yhdistyksen toimintaa.<br><br>Yhdistys tekee yhteisty\u00f6t\u00e4 Yl\u00f6j\u00e4rven kaupungin kulttuuripalveluiden ja muiden taideyhdistysten sek\u00e4 kulttuurialan toimijoiden kanssa.<br><br>Yl\u00f6j\u00e4rven Taideyhdistys toivottaa taiteen yst\u00e4v\u00e4t tervetulleiksi tuleviin tapahtumiin ja n\u00e4yttelyihin!<\/em><\/h2>\n","protected":false},"excerpt":{"rendered":"<p>Yl\u00f6j\u00e4rven Taideyhdistys ry on perustettu vuonna 1988. \u200bYTY liittyi vuonna 2019 Kulttuuriosuuskunta Saurioon ja toimitilamme sijaitsevatkin Saurion talossa.\u00a0 Kaikille avoimessa taideyhdistyksess\u00e4 on noin 120 j\u00e4sent\u00e4, joista suurin osa on kuvataiteilijoita ja alan harrastajia. Taideyhdistys j\u00e4rjest\u00e4\u00e4 taiden\u00e4yttelyit\u00e4, tapahtumia ja retki\u00e4. Yhdistyksen kautta taiteen tekij\u00e4t saavat teoksilleen [&hellip;]<\/p>\n","protected":false},"author":1,"featured_media":0,"parent":0,"menu_order":0,"comment_status":"closed","ping_status":"closed","template":"","meta":{"footnotes":""},"class_list":["post-16","page","type-page","status-publish","hentry"],"yoast_head":"<!-- This site is optimized with the Yoast SEO plugin v27.4 - https:\/\/yoast.com\/product\/yoast-seo-wordpress\/ -->\n<title>ETUSIVU - Yl&ouml;j&auml;rven Taideyhdistys ry<\/title>\n<meta name=\"robots\" content=\"index, follow, max-snippet:-1, max-image-preview:large, max-video-preview:-1\" \/>\n<link rel=\"canonical\" href=\"https:\/\/www.ylojarventaideyhdistys.fi\/\" \/>\n<meta property=\"og:locale\" content=\"fi_FI\" \/>\n<meta property=\"og:type\" content=\"article\" \/>\n<meta property=\"og:title\" content=\"ETUSIVU - Yl&ouml;j&auml;rven Taideyhdistys ry\" \/>\n<meta property=\"og:description\" content=\"Yl\u00f6j\u00e4rven Taideyhdistys ry on perustettu vuonna 1988. \u200bYTY liittyi vuonna 2019 Kulttuuriosuuskunta Saurioon ja toimitilamme sijaitsevatkin Saurion talossa.\u00a0 Kaikille avoimessa taideyhdistyksess\u00e4 on noin 120 j\u00e4sent\u00e4, joista suurin osa on kuvataiteilijoita ja alan harrastajia. Taideyhdistys j\u00e4rjest\u00e4\u00e4 taiden\u00e4yttelyit\u00e4, tapahtumia ja retki\u00e4. Yhdistyksen kautta taiteen tekij\u00e4t saavat teoksilleen [&hellip;]\" \/>\n<meta property=\"og:url\" content=\"https:\/\/www.ylojarventaideyhdistys.fi\/\" \/>\n<meta property=\"og:site_name\" content=\"Yl&ouml;j&auml;rven Taideyhdistys ry\" \/>\n<meta property=\"article:modified_time\" content=\"2024-10-25T06:04:33+00:00\" \/>\n<meta name=\"twitter:card\" content=\"summary_large_image\" \/>\n<meta name=\"twitter:label1\" content=\"Arvioitu lukuaika\" \/>\n\t<meta name=\"twitter:data1\" content=\"1 minuutti\" \/>\n<script type=\"application\/ld+json\" class=\"yoast-schema-graph\">{\"@context\":\"https:\\\/\\\/schema.org\",\"@graph\":[{\"@type\":\"WebPage\",\"@id\":\"https:\\\/\\\/www.ylojarventaideyhdistys.fi\\\/\",\"url\":\"https:\\\/\\\/www.ylojarventaideyhdistys.fi\\\/\",\"name\":\"ETUSIVU - Yl&ouml;j&auml;rven Taideyhdistys ry\",\"isPartOf\":{\"@id\":\"https:\\\/\\\/www.ylojarventaideyhdistys.fi\\\/#website\"},\"datePublished\":\"2021-09-14T09:30:24+00:00\",\"dateModified\":\"2024-10-25T06:04:33+00:00\",\"breadcrumb\":{\"@id\":\"https:\\\/\\\/www.ylojarventaideyhdistys.fi\\\/#breadcrumb\"},\"inLanguage\":\"fi\",\"potentialAction\":[{\"@type\":\"ReadAction\",\"target\":[\"https:\\\/\\\/www.ylojarventaideyhdistys.fi\\\/\"]}]},{\"@type\":\"BreadcrumbList\",\"@id\":\"https:\\\/\\\/www.ylojarventaideyhdistys.fi\\\/#breadcrumb\",\"itemListElement\":[{\"@type\":\"ListItem\",\"position\":1,\"name\":\"Etusivu\",\"item\":\"https:\\\/\\\/www.ylojarventaideyhdistys.fi\\\/\"},{\"@type\":\"ListItem\",\"position\":2,\"name\":\"ETUSIVU\"}]},{\"@type\":\"WebSite\",\"@id\":\"https:\\\/\\\/www.ylojarventaideyhdistys.fi\\\/#website\",\"url\":\"https:\\\/\\\/www.ylojarventaideyhdistys.fi\\\/\",\"name\":\"Yl&ouml;j&auml;rven Taideyhdistys ry\",\"description\":\"- poikkitaiteellinen yhdistys -\",\"potentialAction\":[{\"@type\":\"SearchAction\",\"target\":{\"@type\":\"EntryPoint\",\"urlTemplate\":\"https:\\\/\\\/www.ylojarventaideyhdistys.fi\\\/?s={search_term_string}\"},\"query-input\":{\"@type\":\"PropertyValueSpecification\",\"valueRequired\":true,\"valueName\":\"search_term_string\"}}],\"inLanguage\":\"fi\"}]}<\/script>\n<!-- \/ Yoast SEO plugin. -->","yoast_head_json":{"title":"ETUSIVU - Yl&ouml;j&auml;rven Taideyhdistys ry","robots":{"index":"index","follow":"follow","max-snippet":"max-snippet:-1","max-image-preview":"max-image-preview:large","max-video-preview":"max-video-preview:-1"},"canonical":"https:\/\/www.ylojarventaideyhdistys.fi\/","og_locale":"fi_FI","og_type":"article","og_title":"ETUSIVU - Yl&ouml;j&auml;rven Taideyhdistys ry","og_description":"Yl\u00f6j\u00e4rven Taideyhdistys ry on perustettu vuonna 1988. \u200bYTY liittyi vuonna 2019 Kulttuuriosuuskunta Saurioon ja toimitilamme sijaitsevatkin Saurion talossa.\u00a0 Kaikille avoimessa taideyhdistyksess\u00e4 on noin 120 j\u00e4sent\u00e4, joista suurin osa on kuvataiteilijoita ja alan harrastajia. Taideyhdistys j\u00e4rjest\u00e4\u00e4 taiden\u00e4yttelyit\u00e4, tapahtumia ja retki\u00e4. Yhdistyksen kautta taiteen tekij\u00e4t saavat teoksilleen [&hellip;]","og_url":"https:\/\/www.ylojarventaideyhdistys.fi\/","og_site_name":"Yl&ouml;j&auml;rven Taideyhdistys ry","article_modified_time":"2024-10-25T06:04:33+00:00","twitter_card":"summary_large_image","twitter_misc":{"Arvioitu lukuaika":"1 minuutti"},"schema":{"@context":"https:\/\/schema.org","@graph":[{"@type":"WebPage","@id":"https:\/\/www.ylojarventaideyhdistys.fi\/","url":"https:\/\/www.ylojarventaideyhdistys.fi\/","name":"ETUSIVU - Yl&ouml;j&auml;rven Taideyhdistys ry","isPartOf":{"@id":"https:\/\/www.ylojarventaideyhdistys.fi\/#website"},"datePublished":"2021-09-14T09:30:24+00:00","dateModified":"2024-10-25T06:04:33+00:00","breadcrumb":{"@id":"https:\/\/www.ylojarventaideyhdistys.fi\/#breadcrumb"},"inLanguage":"fi","potentialAction":[{"@type":"ReadAction","target":["https:\/\/www.ylojarventaideyhdistys.fi\/"]}]},{"@type":"BreadcrumbList","@id":"https:\/\/www.ylojarventaideyhdistys.fi\/#breadcrumb","itemListElement":[{"@type":"ListItem","position":1,"name":"Etusivu","item":"https:\/\/www.ylojarventaideyhdistys.fi\/"},{"@type":"ListItem","position":2,"name":"ETUSIVU"}]},{"@type":"WebSite","@id":"https:\/\/www.ylojarventaideyhdistys.fi\/#website","url":"https:\/\/www.ylojarventaideyhdistys.fi\/","name":"Yl&ouml;j&auml;rven Taideyhdistys ry","description":"- poikkitaiteellinen yhdistys -","potentialAction":[{"@type":"SearchAction","target":{"@type":"EntryPoint","urlTemplate":"https:\/\/www.ylojarventaideyhdistys.fi\/?s={search_term_string}"},"query-input":{"@type":"PropertyValueSpecification","valueRequired":true,"valueName":"search_term_string"}}],"inLanguage":"fi"}]}},"_links":{"self":[{"href":"https:\/\/www.ylojarventaideyhdistys.fi\/index.php\/wp-json\/wp\/v2\/pages\/16","targetHints":{"allow":["GET"]}}],"collection":[{"href":"https:\/\/www.ylojarventaideyhdistys.fi\/index.php\/wp-json\/wp\/v2\/pages"}],"about":[{"href":"https:\/\/www.ylojarventaideyhdistys.fi\/index.php\/wp-json\/wp\/v2\/types\/page"}],"author":[{"embeddable":true,"href":"https:\/\/www.ylojarventaideyhdistys.fi\/index.php\/wp-json\/wp\/v2\/users\/1"}],"replies":[{"embeddable":true,"href":"https:\/\/www.ylojarventaideyhdistys.fi\/index.php\/wp-json\/wp\/v2\/comments?post=16"}],"version-history":[{"count":5,"href":"https:\/\/www.ylojarventaideyhdistys.fi\/index.php\/wp-json\/wp\/v2\/pages\/16\/revisions"}],"predecessor-version":[{"id":466,"href":"https:\/\/www.ylojarventaideyhdistys.fi\/index.php\/wp-json\/wp\/v2\/pages\/16\/revisions\/466"}],"wp:attachment":[{"href":"https:\/\/www.ylojarventaideyhdistys.fi\/index.php\/wp-json\/wp\/v2\/media?parent=16"}],"curies":[{"name":"wp","href":"https:\/\/api.w.org\/{rel}","templated":true}]}}